{"id":12,"date":"2025-11-06T14:55:54","date_gmt":"2025-11-06T14:55:54","guid":{"rendered":"https:\/\/herrikourduliz.rkinformatika.online\/?page_id=12"},"modified":"2025-11-07T11:56:47","modified_gmt":"2025-11-07T11:56:47","slug":"inicio","status":"publish","type":"page","link":"https:\/\/herrikourduliz.com\/eu\/","title":{"rendered":"Hasiera"},"content":{"rendered":"\t\t<div data-elementor-type=\"wp-page\" data-elementor-id=\"12\" class=\"elementor elementor-12\" data-elementor-post-type=\"page\">\n\t\t\t\t<div class=\"elementor-element elementor-element-f7f6f57 e-con-full e-flex e-con e-parent\" data-id=\"f7f6f57\" data-element_type=\"container\" data-e-type=\"container\" data-settings=\"{&quot;background_background&quot;:&quot;classic&quot;,&quot;background_motion_fx_motion_fx_scrolling&quot;:&quot;yes&quot;,&quot;background_motion_fx_devices&quot;:[&quot;desktop&quot;,&quot;tablet&quot;,&quot;mobile&quot;]}\">\n\t\t\t\t<div class=\"elementor-element elementor-element-4f48d58 animated-slow elementor-invisible elementor-widget elementor-widget-heading\" data-id=\"4f48d58\" data-element_type=\"widget\" data-e-type=\"widget\" data-settings=\"{&quot;_animation_tablet&quot;:&quot;fadeInUp&quot;,&quot;_animation_mobile&quot;:&quot;fadeInUp&quot;,&quot;_animation&quot;:&quot;fadeInUp&quot;}\" data-widget_type=\"heading.default\">\n\t\t\t\t\t<h2 class=\"elementor-heading-title elementor-size-default\">Donde cada comida es una experiencia para disfrutar.<\/h2>\t\t\t\t<\/div>\n\t\t\t\t<\/div>\n\t\t<div class=\"elementor-element elementor-element-ace4e49 e-flex e-con-boxed e-con e-parent\" data-id=\"ace4e49\" data-element_type=\"container\" data-e-type=\"container\" data-settings=\"{&quot;background_background&quot;:&quot;classic&quot;}\">\n\t\t\t\t\t<div class=\"e-con-inner\">\n\t\t<div class=\"elementor-element elementor-element-b1bfef1 e-con-full e-flex elementor-invisible e-con e-child\" data-id=\"b1bfef1\" data-element_type=\"container\" data-e-type=\"container\" data-settings=\"{&quot;animation&quot;:&quot;fadeInLeft&quot;}\">\n\t\t\t\t<div class=\"elementor-element elementor-element-aa39ff6 elementor-widget elementor-widget-image\" data-id=\"aa39ff6\" data-element_type=\"widget\" data-e-type=\"widget\" data-widget_type=\"image.default\">\n\t\t\t\t\t\t\t\t\t\t\t\t\t\t\t<img fetchpriority=\"high\" decoding=\"async\" width=\"800\" height=\"534\" src=\"https:\/\/herrikourduliz.com\/wp-content\/uploads\/2025\/11\/Diseno-sin-titulo-1024x683.png\" class=\"attachment-large size-large wp-image-123\" alt=\"\" srcset=\"https:\/\/herrikourduliz.com\/wp-content\/uploads\/2025\/11\/Diseno-sin-titulo-1024x683.png 1024w, https:\/\/herrikourduliz.com\/wp-content\/uploads\/2025\/11\/Diseno-sin-titulo-300x200.png 300w, https:\/\/herrikourduliz.com\/wp-content\/uploads\/2025\/11\/Diseno-sin-titulo-768x512.png 768w, https:\/\/herrikourduliz.com\/wp-content\/uploads\/2025\/11\/Diseno-sin-titulo-18x12.png 18w, https:\/\/herrikourduliz.com\/wp-content\/uploads\/2025\/11\/Diseno-sin-titulo.png 1500w\" sizes=\"(max-width: 800px) 100vw, 800px\" \/>\t\t\t\t\t\t\t\t\t\t\t\t\t\t\t<\/div>\n\t\t\t\t<\/div>\n\t\t<div class=\"elementor-element elementor-element-658084f e-con-full e-flex e-con e-child\" data-id=\"658084f\" data-element_type=\"container\" data-e-type=\"container\">\n\t\t\t\t<div class=\"elementor-element elementor-element-c818ba0 elementor-widget elementor-widget-heading\" data-id=\"c818ba0\" data-element_type=\"widget\" data-e-type=\"widget\" data-widget_type=\"heading.default\">\n\t\t\t\t\t<h2 class=\"elementor-heading-title elementor-size-default\">Sobre Nosotros<\/h2>\t\t\t\t<\/div>\n\t\t\t\t<div class=\"elementor-element elementor-element-39c7c32 elementor-widget elementor-widget-text-editor\" data-id=\"39c7c32\" data-element_type=\"widget\" data-e-type=\"widget\" data-widget_type=\"text-editor.default\">\n\t\t\t\t\t\t\t\t\t<p data-start=\"523\" data-end=\"813\">Desde marzo de 2014, Herriko Taberna se ha consolidado como un lugar acogedor donde disfrutar de buena comida y excelente compa\u00f1\u00eda. Ofrecemos un men\u00fa del d\u00eda de lunes a viernes y una carta especial los fines de semana, siempre con el compromiso de brindar momentos agradables y sabores que hagan sentir a todos como en casa. Ven y descubre la tradici\u00f3n y el sabor que nos caracterizan.<\/p>\t\t\t\t\t\t\t\t<\/div>\n\t\t\t\t<\/div>\n\t\t\t\t\t<\/div>\n\t\t\t\t<\/div>\n\t\t<div class=\"elementor-element elementor-element-2a0ba0e e-flex e-con-boxed e-con e-parent\" data-id=\"2a0ba0e\" data-element_type=\"container\" data-e-type=\"container\">\n\t\t\t\t\t<div class=\"e-con-inner\">\n\t\t\t\t<div class=\"elementor-element elementor-element-9c9e642 elementor-cta--skin-cover elementor-animated-content elementor-bg-transform elementor-bg-transform-zoom-in elementor-widget elementor-widget-call-to-action\" data-id=\"9c9e642\" data-element_type=\"widget\" data-e-type=\"widget\" data-widget_type=\"call-to-action.default\">\n\t\t\t\t\t\t\t<div class=\"elementor-cta\">\n\t\t\t\t\t<div class=\"elementor-cta__bg-wrapper\">\n\t\t\t\t<div class=\"elementor-cta__bg elementor-bg\" style=\"background-image: url(https:\/\/herrikourduliz.com\/wp-content\/uploads\/2025\/11\/919-1024x683.jpg);\" role=\"img\" aria-label=\"919\"><\/div>\n\t\t\t\t<div class=\"elementor-cta__bg-overlay\"><\/div>\n\t\t\t<\/div>\n\t\t\t\t\t\t\t<div class=\"elementor-cta__content\">\n\t\t\t\t\n\t\t\t\t\t\t\t\t\t<h2 class=\"elementor-cta__title elementor-cta__content-item elementor-content-item elementor-animated-item--grow\">\n\t\t\t\t\t\tTradici\u00f3n, sabor y buenos momentos desde 2014.\t\t\t\t\t<\/h2>\n\t\t\t\t\n\t\t\t\t\t\t\t\t\t<div class=\"elementor-cta__description elementor-cta__content-item elementor-content-item elementor-animated-item--grow\">\n\t\t\t\t\t\tVen a disfrutar de nuestra cocina casera y el ambiente que te hace sentir como en casa.\t\t\t\t\t<\/div>\n\t\t\t\t\n\t\t\t\t\t\t\t\t\t<div class=\"elementor-cta__button-wrapper elementor-cta__content-item elementor-content-item elementor-animated-item--grow\">\n\t\t\t\t\t<a class=\"elementor-cta__button elementor-button elementor-size-\" href=\"https:\/\/herrikourduliz.com\/servicios\/\">\n\t\t\t\t\t\tServicios\t\t\t\t\t<\/a>\n\t\t\t\t\t<\/div>\n\t\t\t\t\t\t\t<\/div>\n\t\t\t\t\t\t<\/div>\n\t\t\t\t\t\t<\/div>\n\t\t\t\t\t<\/div>\n\t\t\t\t<\/div>\n\t\t\t\t<\/div>\n\t\t","protected":false},"excerpt":{"rendered":"<p>Donde cada comida es una experiencia para disfrutar. Sobre Nosotros Desde marzo de 2014, Herriko Taberna se ha consolidado como un lugar acogedor donde disfrutar de buena comida y excelente compa\u00f1\u00eda. Ofrecemos un men\u00fa del d\u00eda de lunes a viernes y una carta especial los fines de semana, siempre con el compromiso de brindar momentos [&hellip;]<\/p>\n","protected":false},"author":1,"featured_media":0,"parent":0,"menu_order":0,"comment_status":"closed","ping_status":"closed","template":"elementor_canvas","meta":{"footnotes":""},"class_list":["post-12","page","type-page","status-publish","hentry"],"yoast_head":"<!-- This site is optimized with the Yoast SEO plugin v27.3 - https:\/\/yoast.com\/product\/yoast-seo-wordpress\/ -->\n<title>Inicio - Herriko Taberna<\/title>\n<meta name=\"robots\" content=\"index, follow, max-snippet:-1, max-image-preview:large, max-video-preview:-1\" \/>\n<link rel=\"canonical\" href=\"https:\/\/herrikourduliz.com\/eu\/\" \/>\n<meta property=\"og:locale\" content=\"en_US\" \/>\n<meta property=\"og:type\" content=\"article\" \/>\n<meta property=\"og:title\" content=\"Inicio - Herriko Taberna\" \/>\n<meta property=\"og:description\" content=\"Donde cada comida es una experiencia para disfrutar. Sobre Nosotros Desde marzo de 2014, Herriko Taberna se ha consolidado como un lugar acogedor donde disfrutar de buena comida y excelente compa\u00f1\u00eda. Ofrecemos un men\u00fa del d\u00eda de lunes a viernes y una carta especial los fines de semana, siempre con el compromiso de brindar momentos [&hellip;]\" \/>\n<meta property=\"og:url\" content=\"https:\/\/herrikourduliz.com\/eu\/\" \/>\n<meta property=\"og:site_name\" content=\"Herriko Taberna\" \/>\n<meta property=\"article:modified_time\" content=\"2025-11-07T11:56:47+00:00\" \/>\n<meta property=\"og:image\" content=\"https:\/\/herrikourduliz.com\/wp-content\/uploads\/2025\/11\/Diseno-sin-titulo.png\" \/>\n\t<meta property=\"og:image:width\" content=\"1500\" \/>\n\t<meta property=\"og:image:height\" content=\"1000\" \/>\n\t<meta property=\"og:image:type\" content=\"image\/png\" \/>\n<meta name=\"twitter:card\" content=\"summary_large_image\" \/>\n<meta name=\"twitter:label1\" content=\"Est. reading time\" \/>\n\t<meta name=\"twitter:data1\" content=\"1 minutua\" \/>\n<script type=\"application\/ld+json\" class=\"yoast-schema-graph\">{\"@context\":\"https:\\\/\\\/schema.org\",\"@graph\":[{\"@type\":\"WebPage\",\"@id\":\"https:\\\/\\\/herrikourduliz.com\\\/\",\"url\":\"https:\\\/\\\/herrikourduliz.com\\\/\",\"name\":\"Inicio - Herriko Taberna\",\"isPartOf\":{\"@id\":\"https:\\\/\\\/herrikourduliz.com\\\/#website\"},\"primaryImageOfPage\":{\"@id\":\"https:\\\/\\\/herrikourduliz.com\\\/#primaryimage\"},\"image\":{\"@id\":\"https:\\\/\\\/herrikourduliz.com\\\/#primaryimage\"},\"thumbnailUrl\":\"https:\\\/\\\/herrikourduliz.com\\\/wp-content\\\/uploads\\\/2025\\\/11\\\/Diseno-sin-titulo-1024x683.png\",\"datePublished\":\"2025-11-06T14:55:54+00:00\",\"dateModified\":\"2025-11-07T11:56:47+00:00\",\"breadcrumb\":{\"@id\":\"https:\\\/\\\/herrikourduliz.com\\\/#breadcrumb\"},\"inLanguage\":\"eu\",\"potentialAction\":[{\"@type\":\"ReadAction\",\"target\":[\"https:\\\/\\\/herrikourduliz.com\\\/\"]}]},{\"@type\":\"ImageObject\",\"inLanguage\":\"eu\",\"@id\":\"https:\\\/\\\/herrikourduliz.com\\\/#primaryimage\",\"url\":\"https:\\\/\\\/herrikourduliz.com\\\/wp-content\\\/uploads\\\/2025\\\/11\\\/Diseno-sin-titulo-1024x683.png\",\"contentUrl\":\"https:\\\/\\\/herrikourduliz.com\\\/wp-content\\\/uploads\\\/2025\\\/11\\\/Diseno-sin-titulo-1024x683.png\"},{\"@type\":\"BreadcrumbList\",\"@id\":\"https:\\\/\\\/herrikourduliz.com\\\/#breadcrumb\",\"itemListElement\":[{\"@type\":\"ListItem\",\"position\":1,\"name\":\"Portada\",\"item\":\"https:\\\/\\\/herrikourduliz.com\\\/\"},{\"@type\":\"ListItem\",\"position\":2,\"name\":\"Inicio\"}]},{\"@type\":\"WebSite\",\"@id\":\"https:\\\/\\\/herrikourduliz.com\\\/#website\",\"url\":\"https:\\\/\\\/herrikourduliz.com\\\/\",\"name\":\"Herriko Taberna\",\"description\":\"Taberna\",\"publisher\":{\"@id\":\"https:\\\/\\\/herrikourduliz.com\\\/#organization\"},\"potentialAction\":[{\"@type\":\"SearchAction\",\"target\":{\"@type\":\"EntryPoint\",\"urlTemplate\":\"https:\\\/\\\/herrikourduliz.com\\\/?s={search_term_string}\"},\"query-input\":{\"@type\":\"PropertyValueSpecification\",\"valueRequired\":true,\"valueName\":\"search_term_string\"}}],\"inLanguage\":\"eu\"},{\"@type\":\"Organization\",\"@id\":\"https:\\\/\\\/herrikourduliz.com\\\/#organization\",\"name\":\"Herriko Taberna\",\"url\":\"https:\\\/\\\/herrikourduliz.com\\\/\",\"logo\":{\"@type\":\"ImageObject\",\"inLanguage\":\"eu\",\"@id\":\"https:\\\/\\\/herrikourduliz.com\\\/#\\\/schema\\\/logo\\\/image\\\/\",\"url\":\"https:\\\/\\\/herrikourduliz.com\\\/wp-content\\\/uploads\\\/2025\\\/11\\\/cropped-herrikourduliz202505_logoarriba.jpg\",\"contentUrl\":\"https:\\\/\\\/herrikourduliz.com\\\/wp-content\\\/uploads\\\/2025\\\/11\\\/cropped-herrikourduliz202505_logoarriba.jpg\",\"width\":270,\"height\":222,\"caption\":\"Herriko Taberna\"},\"image\":{\"@id\":\"https:\\\/\\\/herrikourduliz.com\\\/#\\\/schema\\\/logo\\\/image\\\/\"}}]}<\/script>\n<!-- \/ Yoast SEO plugin. -->","yoast_head_json":{"title":"Inicio - Herriko Taberna","robots":{"index":"index","follow":"follow","max-snippet":"max-snippet:-1","max-image-preview":"max-image-preview:large","max-video-preview":"max-video-preview:-1"},"canonical":"https:\/\/herrikourduliz.com\/eu\/","og_locale":"en_US","og_type":"article","og_title":"Inicio - Herriko Taberna","og_description":"Donde cada comida es una experiencia para disfrutar. Sobre Nosotros Desde marzo de 2014, Herriko Taberna se ha consolidado como un lugar acogedor donde disfrutar de buena comida y excelente compa\u00f1\u00eda. Ofrecemos un men\u00fa del d\u00eda de lunes a viernes y una carta especial los fines de semana, siempre con el compromiso de brindar momentos [&hellip;]","og_url":"https:\/\/herrikourduliz.com\/eu\/","og_site_name":"Herriko Taberna","article_modified_time":"2025-11-07T11:56:47+00:00","og_image":[{"width":1500,"height":1000,"url":"https:\/\/herrikourduliz.com\/wp-content\/uploads\/2025\/11\/Diseno-sin-titulo.png","type":"image\/png"}],"twitter_card":"summary_large_image","twitter_misc":{"Est. reading time":"1 minutua"},"schema":{"@context":"https:\/\/schema.org","@graph":[{"@type":"WebPage","@id":"https:\/\/herrikourduliz.com\/","url":"https:\/\/herrikourduliz.com\/","name":"Inicio - Herriko Taberna","isPartOf":{"@id":"https:\/\/herrikourduliz.com\/#website"},"primaryImageOfPage":{"@id":"https:\/\/herrikourduliz.com\/#primaryimage"},"image":{"@id":"https:\/\/herrikourduliz.com\/#primaryimage"},"thumbnailUrl":"https:\/\/herrikourduliz.com\/wp-content\/uploads\/2025\/11\/Diseno-sin-titulo-1024x683.png","datePublished":"2025-11-06T14:55:54+00:00","dateModified":"2025-11-07T11:56:47+00:00","breadcrumb":{"@id":"https:\/\/herrikourduliz.com\/#breadcrumb"},"inLanguage":"eu","potentialAction":[{"@type":"ReadAction","target":["https:\/\/herrikourduliz.com\/"]}]},{"@type":"ImageObject","inLanguage":"eu","@id":"https:\/\/herrikourduliz.com\/#primaryimage","url":"https:\/\/herrikourduliz.com\/wp-content\/uploads\/2025\/11\/Diseno-sin-titulo-1024x683.png","contentUrl":"https:\/\/herrikourduliz.com\/wp-content\/uploads\/2025\/11\/Diseno-sin-titulo-1024x683.png"},{"@type":"BreadcrumbList","@id":"https:\/\/herrikourduliz.com\/#breadcrumb","itemListElement":[{"@type":"ListItem","position":1,"name":"Portada","item":"https:\/\/herrikourduliz.com\/"},{"@type":"ListItem","position":2,"name":"Inicio"}]},{"@type":"WebSite","@id":"https:\/\/herrikourduliz.com\/#website","url":"https:\/\/herrikourduliz.com\/","name":"Herriko Taberna","description":"Taberna","publisher":{"@id":"https:\/\/herrikourduliz.com\/#organization"},"potentialAction":[{"@type":"SearchAction","target":{"@type":"EntryPoint","urlTemplate":"https:\/\/herrikourduliz.com\/?s={search_term_string}"},"query-input":{"@type":"PropertyValueSpecification","valueRequired":true,"valueName":"search_term_string"}}],"inLanguage":"eu"},{"@type":"Organization","@id":"https:\/\/herrikourduliz.com\/#organization","name":"Herriko Taberna","url":"https:\/\/herrikourduliz.com\/","logo":{"@type":"ImageObject","inLanguage":"eu","@id":"https:\/\/herrikourduliz.com\/#\/schema\/logo\/image\/","url":"https:\/\/herrikourduliz.com\/wp-content\/uploads\/2025\/11\/cropped-herrikourduliz202505_logoarriba.jpg","contentUrl":"https:\/\/herrikourduliz.com\/wp-content\/uploads\/2025\/11\/cropped-herrikourduliz202505_logoarriba.jpg","width":270,"height":222,"caption":"Herriko Taberna"},"image":{"@id":"https:\/\/herrikourduliz.com\/#\/schema\/logo\/image\/"}}]}},"_links":{"self":[{"href":"https:\/\/herrikourduliz.com\/eu\/wp-json\/wp\/v2\/pages\/12","targetHints":{"allow":["GET"]}}],"collection":[{"href":"https:\/\/herrikourduliz.com\/eu\/wp-json\/wp\/v2\/pages"}],"about":[{"href":"https:\/\/herrikourduliz.com\/eu\/wp-json\/wp\/v2\/types\/page"}],"author":[{"embeddable":true,"href":"https:\/\/herrikourduliz.com\/eu\/wp-json\/wp\/v2\/users\/1"}],"replies":[{"embeddable":true,"href":"https:\/\/herrikourduliz.com\/eu\/wp-json\/wp\/v2\/comments?post=12"}],"version-history":[{"count":25,"href":"https:\/\/herrikourduliz.com\/eu\/wp-json\/wp\/v2\/pages\/12\/revisions"}],"predecessor-version":[{"id":160,"href":"https:\/\/herrikourduliz.com\/eu\/wp-json\/wp\/v2\/pages\/12\/revisions\/160"}],"wp:attachment":[{"href":"https:\/\/herrikourduliz.com\/eu\/wp-json\/wp\/v2\/media?parent=12"}],"curies":[{"name":"wp","href":"https:\/\/api.w.org\/{rel}","templated":true}]}}